{"id":137,"date":"2025-11-26T13:42:32","date_gmt":"2025-11-26T13:42:32","guid":{"rendered":"http:\/\/isfpsay.cluster121.hosting.ovh.net\/?page_id=137"},"modified":"2025-12-18T10:59:56","modified_gmt":"2025-12-18T10:59:56","slug":"ecole-tamba","status":"publish","type":"page","link":"https:\/\/isfp-sante.sn\/index.php\/ecole-tamba\/","title":{"rendered":"Ecole Tamba"},"content":{"rendered":"\t\t<div data-elementor-type=\"wp-page\" data-elementor-id=\"137\" class=\"elementor elementor-137\" data-elementor-post-type=\"page\">\n\t\t\t\t<div class=\"elementor-element elementor-element-3f4eab6 e-flex e-con-boxed e-con e-parent\" data-id=\"3f4eab6\" data-element_type=\"container\">\n\t\t\t\t\t<div class=\"e-con-inner\">\n\t\t\t\t<div class=\"elementor-element elementor-element-a56caa3 elementor-invisible elementor-widget elementor-widget-heading\" data-id=\"a56caa3\" data-element_type=\"widget\" data-settings=\"{&quot;motion_fx_motion_fx_scrolling&quot;:&quot;yes&quot;,&quot;_animation&quot;:&quot;zoomIn&quot;,&quot;motion_fx_devices&quot;:[&quot;desktop&quot;,&quot;tablet&quot;,&quot;mobile&quot;]}\" data-widget_type=\"heading.default\">\n\t\t\t\t\t<h2 class=\"elementor-heading-title elementor-size-default\">Conditions G\u00e9n\u00e9ral d'admission<\/h2>\t\t\t\t<\/div>\n\t\t\t\t\t<\/div>\n\t\t\t\t<\/div>\n\t\t<div class=\"elementor-element elementor-element-03e5c15 e-flex e-con-boxed e-con e-parent\" data-id=\"03e5c15\" data-element_type=\"container\">\n\t\t\t\t\t<div class=\"e-con-inner\">\n\t\t\t\t<div class=\"elementor-element elementor-element-e46909d elementor-align-left elementor-list-item-link-full_width elementor-invisible elementor-widget elementor-widget-icon-list\" data-id=\"e46909d\" data-element_type=\"widget\" data-settings=\"{&quot;_animation&quot;:&quot;bounceIn&quot;}\" data-widget_type=\"icon-list.default\">\n\t\t\t\t\t\t\t<ul class=\"elementor-icon-list-items\">\n\t\t\t\t\t\t\t<li class=\"elementor-icon-list-item\">\n\t\t\t\t\t\t\t\t\t\t\t<span class=\"elementor-icon-list-icon\">\n\t\t\t\t\t\t\t<svg aria-hidden=\"true\" class=\"e-font-icon-svg e-fas-check\" viewBox=\"0 0 512 512\" xmlns=\"http:\/\/www.w3.org\/2000\/svg\"><path d=\"M173.898 439.404l-166.4-166.4c-9.997-9.997-9.997-26.206 0-36.204l36.203-36.204c9.997-9.998 26.207-9.998 36.204 0L192 312.69 432.095 72.596c9.997-9.997 26.207-9.997 36.204 0l36.203 36.204c9.997 9.997 9.997 26.206 0 36.204l-294.4 294.401c-9.998 9.997-26.207 9.997-36.204-.001z\"><\/path><\/svg>\t\t\t\t\t\t<\/span>\n\t\t\t\t\t\t\t\t\t\t<span class=\"elementor-icon-list-text\"><p>INFIRMIERS D\u2019ETAT : BAC (EXIGE), dur\u00e9e 3 ans<span style=\"font-size: inherit;letter-spacing: 0.01em;font-style: inherit;font-weight: inherit\"><\/span><\/p><\/span>\n\t\t\t\t\t\t\t\t\t<\/li>\n\t\t\t\t\t\t\t\t<li class=\"elementor-icon-list-item\">\n\t\t\t\t\t\t\t\t\t\t\t<span class=\"elementor-icon-list-icon\">\n\t\t\t\t\t\t\t<svg class=\"ekit-svg-icon icon-check\" viewBox=\"0 0 32 32\" xmlns=\"http:\/\/www.w3.org\/2000\/svg\"><path d=\"M31.512 6.162l-1.706-1.706c-0.488-0.487-1.219-0.487-1.706 0h-0.125l-16.331 16.925c-0.244 0.244-0.606 0.244-0.85 0l-6.7-7.188-0.119-0.119c-0.487-0.488-1.219-0.488-1.706 0l-1.706 1.706c-0.244 0.244-0.362 0.606-0.362 0.85s0.119 0.613 0.362 0.856l0.256 0.369 9.5 10.238c0.244 0.244 0.481 0.369 0.85 0.369 0.363 0 0.606-0.125 0.85-0.369l19.494-20.225c0.488-0.487 0.488-1.219 0-1.706z\"><\/path><\/svg>\t\t\t\t\t\t<\/span>\n\t\t\t\t\t\t\t\t\t\t<span class=\"elementor-icon-list-text\">SAGES \u2013 FEMMES D\u2019ETAT : BAC (EXIGE), dur\u00e9e 3 ans<\/span>\n\t\t\t\t\t\t\t\t\t<\/li>\n\t\t\t\t\t\t\t\t<li class=\"elementor-icon-list-item\">\n\t\t\t\t\t\t\t\t\t\t\t<span class=\"elementor-icon-list-icon\">\n\t\t\t\t\t\t\t<svg class=\"ekit-svg-icon icon-check\" viewBox=\"0 0 32 32\" xmlns=\"http:\/\/www.w3.org\/2000\/svg\"><path d=\"M31.512 6.162l-1.706-1.706c-0.488-0.487-1.219-0.487-1.706 0h-0.125l-16.331 16.925c-0.244 0.244-0.606 0.244-0.85 0l-6.7-7.188-0.119-0.119c-0.487-0.488-1.219-0.488-1.706 0l-1.706 1.706c-0.244 0.244-0.362 0.606-0.362 0.85s0.119 0.613 0.362 0.856l0.256 0.369 9.5 10.238c0.244 0.244 0.481 0.369 0.85 0.369 0.363 0 0.606-0.125 0.85-0.369l19.494-20.225c0.488-0.487 0.488-1.219 0-1.706z\"><\/path><\/svg>\t\t\t\t\t\t<\/span>\n\t\t\t\t\t\t\t\t\t\t<span class=\"elementor-icon-list-text\">DELEGATION MEDICALE : BAC (EXIGE), dur\u00e9e 11 mois<\/span>\n\t\t\t\t\t\t\t\t\t<\/li>\n\t\t\t\t\t\t\t\t<li class=\"elementor-icon-list-item\">\n\t\t\t\t\t\t\t\t\t\t\t<span class=\"elementor-icon-list-icon\">\n\t\t\t\t\t\t\t<svg aria-hidden=\"true\" class=\"e-font-icon-svg e-fas-check\" viewBox=\"0 0 512 512\" xmlns=\"http:\/\/www.w3.org\/2000\/svg\"><path d=\"M173.898 439.404l-166.4-166.4c-9.997-9.997-9.997-26.206 0-36.204l36.203-36.204c9.997-9.998 26.207-9.998 36.204 0L192 312.69 432.095 72.596c9.997-9.997 26.207-9.997 36.204 0l36.203 36.204c9.997 9.997 9.997 26.206 0 36.204l-294.4 294.401c-9.998 9.997-26.207 9.997-36.204-.001z\"><\/path><\/svg>\t\t\t\t\t\t<\/span>\n\t\t\t\t\t\t\t\t\t\t<span class=\"elementor-icon-list-text\">ASSISTANT INFIRMIER : BFM, BEPC, (EXIGE), dur\u00e9e 2 ans<\/span>\n\t\t\t\t\t\t\t\t\t<\/li>\n\t\t\t\t\t\t\t\t<li class=\"elementor-icon-list-item\">\n\t\t\t\t\t\t\t\t\t\t\t<span class=\"elementor-icon-list-icon\">\n\t\t\t\t\t\t\t<svg aria-hidden=\"true\" class=\"e-font-icon-svg e-fas-check\" viewBox=\"0 0 512 512\" xmlns=\"http:\/\/www.w3.org\/2000\/svg\"><path d=\"M173.898 439.404l-166.4-166.4c-9.997-9.997-9.997-26.206 0-36.204l36.203-36.204c9.997-9.998 26.207-9.998 36.204 0L192 312.69 432.095 72.596c9.997-9.997 26.207-9.997 36.204 0l36.203 36.204c9.997 9.997 9.997 26.206 0 36.204l-294.4 294.401c-9.998 9.997-26.207 9.997-36.204-.001z\"><\/path><\/svg>\t\t\t\t\t\t<\/span>\n\t\t\t\t\t\t\t\t\t\t<span class=\"elementor-icon-list-text\">AGENT DE COMPTOIR PHARMACEUTIQUE : BFM, BEPC, (EXIGE) ou niveau terminal, dur\u00e9e 11 mois<\/span>\n\t\t\t\t\t\t\t\t\t<\/li>\n\t\t\t\t\t\t<\/ul>\n\t\t\t\t\t\t<\/div>\n\t\t\t\t\t<\/div>\n\t\t\t\t<\/div>\n\t\t<div class=\"elementor-element elementor-element-3979403 e-flex e-con-boxed e-con e-parent\" data-id=\"3979403\" data-element_type=\"container\">\n\t\t\t\t\t<div class=\"e-con-inner\">\n\t\t\t\t<div class=\"elementor-element elementor-element-3810e32 elementor-widget elementor-widget-heading\" data-id=\"3810e32\" data-element_type=\"widget\" data-widget_type=\"heading.default\">\n\t\t\t\t\t<h2 class=\"elementor-heading-title elementor-size-default\">Dossier \u00e0 fournir en cas d'admission :<\/h2>\t\t\t\t<\/div>\n\t\t\t\t\t<\/div>\n\t\t\t\t<\/div>\n\t\t<div class=\"elementor-element elementor-element-d966e6f e-flex e-con-boxed e-con e-parent\" data-id=\"d966e6f\" data-element_type=\"container\">\n\t\t\t\t\t<div class=\"e-con-inner\">\n\t\t\t\t<div class=\"elementor-element elementor-element-32fe91e elementor-invisible elementor-widget elementor-widget-text-editor\" data-id=\"32fe91e\" data-element_type=\"widget\" data-settings=\"{&quot;_animation&quot;:&quot;slideInRight&quot;}\" data-widget_type=\"text-editor.default\">\n\t\t\t\t\t\t\t\t\t<ul><li>Une demande manuscrite adress\u00e9e au Directeur des Etudes<\/li><li>Une attestation ou photocopie l\u00e9galis\u00e9e du dipl\u00f4me obtenu<\/li><li>Un extrait de naissance de mois de 3 mois<\/li><li>Un certificat de visite et de contre visite m\u00e9dicale<\/li><li>03 photos d\u2019identit\u00e9<\/li><li>Un certificat de vaccination (tuberculose, fi\u00e8vre jaune, t\u00e9tanos, h\u00e9patite)<\/li><li>Un extrait du casier judiciaire N\u00b03 (moins de trois mois)<\/li><li>Un certificat de Nationalit\u00e9<\/li><\/ul>\t\t\t\t\t\t\t\t<\/div>\n\t\t\t\t\t<\/div>\n\t\t\t\t<\/div>\n\t\t\t\t<\/div>\n\t\t","protected":false},"excerpt":{"rendered":"<p>Conditions G\u00e9n\u00e9ral d&rsquo;admission INFIRMIERS D\u2019ETAT : BAC (EXIGE), dur\u00e9e 3 ans SAGES \u2013 FEMMES D\u2019ETAT : BAC (EXIGE), dur\u00e9e 3 ans DELEGATION MEDICALE : BAC (EXIGE), dur\u00e9e 11 mois ASSISTANT INFIRMIER : BFM, BEPC, (EXIGE), dur\u00e9e 2 ans AGENT DE COMPTOIR PHARMACEUTIQUE : BFM, BEPC, (EXIGE) ou niveau terminal, dur\u00e9e 11 mois Dossier \u00e0 fournir [&hellip;]<\/p>\n","protected":false},"author":1,"featured_media":0,"parent":0,"menu_order":0,"comment_status":"closed","ping_status":"closed","template":"","meta":{"zakra_page_container_layout":"customizer","zakra_page_sidebar_layout":"customizer","zakra_remove_content_margin":false,"zakra_sidebar":"customizer","zakra_transparent_header":"customizer","zakra_logo":0,"zakra_main_header_style":"default","zakra_menu_item_color":"","zakra_menu_item_hover_color":"","zakra_menu_item_active_color":"","zakra_menu_active_style":"","zakra_page_header":true,"footnotes":""},"class_list":["post-137","page","type-page","status-publish","hentry"],"_links":{"self":[{"href":"https:\/\/isfp-sante.sn\/index.php\/wp-json\/wp\/v2\/pages\/137","targetHints":{"allow":["GET"]}}],"collection":[{"href":"https:\/\/isfp-sante.sn\/index.php\/wp-json\/wp\/v2\/pages"}],"about":[{"href":"https:\/\/isfp-sante.sn\/index.php\/wp-json\/wp\/v2\/types\/page"}],"author":[{"embeddable":true,"href":"https:\/\/isfp-sante.sn\/index.php\/wp-json\/wp\/v2\/users\/1"}],"replies":[{"embeddable":true,"href":"https:\/\/isfp-sante.sn\/index.php\/wp-json\/wp\/v2\/comments?post=137"}],"version-history":[{"count":10,"href":"https:\/\/isfp-sante.sn\/index.php\/wp-json\/wp\/v2\/pages\/137\/revisions"}],"predecessor-version":[{"id":202,"href":"https:\/\/isfp-sante.sn\/index.php\/wp-json\/wp\/v2\/pages\/137\/revisions\/202"}],"wp:attachment":[{"href":"https:\/\/isfp-sante.sn\/index.php\/wp-json\/wp\/v2\/media?parent=137"}],"curies":[{"name":"wp","href":"https:\/\/api.w.org\/{rel}","templated":true}]}}