{"id":14,"date":"2025-11-24T16:29:08","date_gmt":"2025-11-24T16:29:08","guid":{"rendered":"http:\/\/isfpsay.cluster121.hosting.ovh.net\/?page_id=14"},"modified":"2025-12-05T17:31:33","modified_gmt":"2025-12-05T17:31:33","slug":"filieres","status":"publish","type":"page","link":"https:\/\/isfp-sante.sn\/index.php\/filieres\/","title":{"rendered":"Fili\u00e8res"},"content":{"rendered":"\t\t<div data-elementor-type=\"wp-page\" data-elementor-id=\"14\" class=\"elementor elementor-14\" data-elementor-post-type=\"page\">\n\t\t\t\t<div class=\"elementor-element elementor-element-85e8d60 e-flex e-con-boxed e-con e-parent\" data-id=\"85e8d60\" data-element_type=\"container\">\n\t\t\t\t\t<div class=\"e-con-inner\">\n\t\t\t\t<div class=\"elementor-element elementor-element-1c1bee6 elementor-widget elementor-widget-heading\" data-id=\"1c1bee6\" data-element_type=\"widget\" data-widget_type=\"heading.default\">\n\t\t\t\t\t<h2 class=\"elementor-heading-title elementor-size-default\">Infirmiers d\u2019\u00c9tat<\/h2>\t\t\t\t<\/div>\n\t\t\t\t\t<\/div>\n\t\t\t\t<\/div>\n\t\t<div class=\"elementor-element elementor-element-e233d89 e-flex e-con-boxed e-con e-parent\" data-id=\"e233d89\" data-element_type=\"container\">\n\t\t\t\t\t<div class=\"e-con-inner\">\n\t\t\t\t<div class=\"elementor-element elementor-element-1f6fe9a elementor-widget elementor-widget-text-editor\" data-id=\"1f6fe9a\" data-element_type=\"widget\" data-widget_type=\"text-editor.default\">\n\t\t\t\t\t\t\t\t\t<p>La fili\u00e8re Infirmiers d\u2019\u00c9tat forme des professionnels hautement qualifi\u00e9s capables d\u2019assurer des soins complets et s\u00e9curis\u00e9s aupr\u00e8s des patients. Les apprenants acqui\u00e8rent des comp\u00e9tences solides en soins infirmiers, en prise en charge clinique, en \u00e9ducation sanitaire et en gestion des urgences. Cette formation pr\u00e9pare \u00e0 une int\u00e9gration rapide dans les structures hospitali\u00e8res, les centres de sant\u00e9 et les programmes communautaires.<\/p>\t\t\t\t\t\t\t\t<\/div>\n\t\t\t\t\t<\/div>\n\t\t\t\t<\/div>\n\t\t<div class=\"elementor-element elementor-element-a7dd72c e-flex e-con-boxed e-con e-parent\" data-id=\"a7dd72c\" data-element_type=\"container\">\n\t\t\t\t\t<div class=\"e-con-inner\">\n\t\t\t\t<div class=\"elementor-element elementor-element-6a621e4 elementor-widget elementor-widget-heading\" data-id=\"6a621e4\" data-element_type=\"widget\" data-widget_type=\"heading.default\">\n\t\t\t\t\t<h2 class=\"elementor-heading-title elementor-size-default\">Sages-Femmes d\u2019\u00c9tat<\/h2>\t\t\t\t<\/div>\n\t\t\t\t\t<\/div>\n\t\t\t\t<\/div>\n\t\t<div class=\"elementor-element elementor-element-17babc4 e-flex e-con-boxed e-con e-parent\" data-id=\"17babc4\" data-element_type=\"container\">\n\t\t\t\t\t<div class=\"e-con-inner\">\n\t\t\t\t<div class=\"elementor-element elementor-element-038aef6 elementor-widget elementor-widget-text-editor\" data-id=\"038aef6\" data-element_type=\"widget\" data-widget_type=\"text-editor.default\">\n\t\t\t\t\t\t\t\t\t<p>Cette fili\u00e8re pr\u00e9pare des professionnelles sp\u00e9cialis\u00e9es dans la sant\u00e9 maternelle, n\u00e9onatale et reproductive. Les \u00e9tudiantes sont form\u00e9es aux consultations pr\u00e9natales, \u00e0 l\u2019assistance \u00e0 l\u2019accouchement, \u00e0 la surveillance postnatale et \u00e0 la sensibilisation communautaire. La formation met l\u2019accent sur la s\u00e9curit\u00e9, la pr\u00e9vention et l\u2019accompagnement des femmes tout au long de leur parcours de sant\u00e9.<\/p>\t\t\t\t\t\t\t\t<\/div>\n\t\t\t\t\t<\/div>\n\t\t\t\t<\/div>\n\t\t<div class=\"elementor-element elementor-element-fd11410 e-flex e-con-boxed e-con e-parent\" data-id=\"fd11410\" data-element_type=\"container\">\n\t\t\t\t\t<div class=\"e-con-inner\">\n\t\t\t\t<div class=\"elementor-element elementor-element-5096195 elementor-widget elementor-widget-heading\" data-id=\"5096195\" data-element_type=\"widget\" data-widget_type=\"heading.default\">\n\t\t\t\t\t<h2 class=\"elementor-heading-title elementor-size-default\">D\u00e9l\u00e9gation M\u00e9dicale<\/h2>\t\t\t\t<\/div>\n\t\t\t\t\t<\/div>\n\t\t\t\t<\/div>\n\t\t<div class=\"elementor-element elementor-element-3d095de e-flex e-con-boxed e-con e-parent\" data-id=\"3d095de\" data-element_type=\"container\">\n\t\t\t\t\t<div class=\"e-con-inner\">\n\t\t<div class=\"elementor-element elementor-element-8cdc46e e-con-full e-flex e-con e-child\" data-id=\"8cdc46e\" data-element_type=\"container\">\n\t\t\t\t<div class=\"elementor-element elementor-element-1a2807c elementor-widget elementor-widget-text-editor\" data-id=\"1a2807c\" data-element_type=\"widget\" data-widget_type=\"text-editor.default\">\n\t\t\t\t\t\t\t\t\t<p>La fili\u00e8re D\u00e9l\u00e9gation M\u00e9dicale forme des sp\u00e9cialistes capables d\u2019assurer le lien entre les professionnels de sant\u00e9 et l\u2019industrie pharmaceutique. Les apprenants d\u00e9veloppent des comp\u00e9tences en communication scientifique, en promotion m\u00e9dicale, en analyse de produits et en strat\u00e9gie commerciale. Cette formation ouvre la voie \u00e0 des carri\u00e8res dynamiques dans les laboratoires pharmaceutiques et les structures de distribution de m\u00e9dicaments.<\/p>\t\t\t\t\t\t\t\t<\/div>\n\t\t\t\t<\/div>\n\t\t\t\t\t<\/div>\n\t\t\t\t<\/div>\n\t\t<div class=\"elementor-element elementor-element-2ebab82 e-flex e-con-boxed e-con e-parent\" data-id=\"2ebab82\" data-element_type=\"container\">\n\t\t\t\t\t<div class=\"e-con-inner\">\n\t\t\t\t<div class=\"elementor-element elementor-element-f4c4e07 elementor-widget elementor-widget-heading\" data-id=\"f4c4e07\" data-element_type=\"widget\" data-widget_type=\"heading.default\">\n\t\t\t\t\t<h2 class=\"elementor-heading-title elementor-size-default\">Assistant Infirmier<\/h2>\t\t\t\t<\/div>\n\t\t\t\t\t<\/div>\n\t\t\t\t<\/div>\n\t\t<div class=\"elementor-element elementor-element-72d4139 e-flex e-con-boxed e-con e-parent\" data-id=\"72d4139\" data-element_type=\"container\">\n\t\t\t\t\t<div class=\"e-con-inner\">\n\t\t\t\t<div class=\"elementor-element elementor-element-c94952c elementor-widget elementor-widget-text-editor\" data-id=\"c94952c\" data-element_type=\"widget\" data-widget_type=\"text-editor.default\">\n\t\t\t\t\t\t\t\t\t<p>Cette fili\u00e8re pr\u00e9pare des professionnels polyvalents qui assistent les infirmiers dans leurs activit\u00e9s quotidiennes. Les \u00e9tudiants y apprennent les bases des soins, l\u2019hygi\u00e8ne hospitali\u00e8re, l\u2019accueil des patients, ainsi que la surveillance et l\u2019accompagnement des personnes hospitalis\u00e9es. Elle offre un acc\u00e8s rapide au milieu de la sant\u00e9 avec des comp\u00e9tences pratiques et imm\u00e9diatement op\u00e9rationnelles.<\/p>\t\t\t\t\t\t\t\t<\/div>\n\t\t\t\t\t<\/div>\n\t\t\t\t<\/div>\n\t\t<div class=\"elementor-element elementor-element-9036891 e-flex e-con-boxed e-con e-parent\" data-id=\"9036891\" data-element_type=\"container\">\n\t\t\t\t\t<div class=\"e-con-inner\">\n\t\t\t\t<div class=\"elementor-element elementor-element-b1631f5 elementor-widget elementor-widget-heading\" data-id=\"b1631f5\" data-element_type=\"widget\" data-widget_type=\"heading.default\">\n\t\t\t\t\t<h2 class=\"elementor-heading-title elementor-size-default\">Agent de Comptoir Pharmaceutique<\/h2>\t\t\t\t<\/div>\n\t\t\t\t\t<\/div>\n\t\t\t\t<\/div>\n\t\t<div class=\"elementor-element elementor-element-12e6eb6 e-flex e-con-boxed e-con e-parent\" data-id=\"12e6eb6\" data-element_type=\"container\">\n\t\t\t\t\t<div class=\"e-con-inner\">\n\t\t\t\t<div class=\"elementor-element elementor-element-fa9e078 elementor-widget elementor-widget-text-editor\" data-id=\"fa9e078\" data-element_type=\"widget\" data-widget_type=\"text-editor.default\">\n\t\t\t\t\t\t\t\t\t<p>La formation d\u2019Agent de Comptoir Pharmaceutique permet aux apprenants de ma\u00eetriser la gestion et la dispensation des produits pharmaceutiques en officine. Elle inclut la connaissance des m\u00e9dicaments, les r\u00e8gles de s\u00e9curit\u00e9, l\u2019accueil et le conseil des patients, ainsi que la gestion des stocks. Cette fili\u00e8re pr\u00e9pare \u00e0 un m\u00e9tier essentiel au bon fonctionnement des pharmacies et \u00e0 l\u2019accompagnement des usagers.<\/p>\t\t\t\t\t\t\t\t<\/div>\n\t\t\t\t\t<\/div>\n\t\t\t\t<\/div>\n\t\t\t\t<\/div>\n\t\t","protected":false},"excerpt":{"rendered":"<p>Infirmiers d\u2019\u00c9tat La fili\u00e8re Infirmiers d\u2019\u00c9tat forme des professionnels hautement qualifi\u00e9s capables d\u2019assurer des soins complets et s\u00e9curis\u00e9s aupr\u00e8s des patients. Les apprenants acqui\u00e8rent des comp\u00e9tences solides en soins infirmiers, en prise en charge clinique, en \u00e9ducation sanitaire et en gestion des urgences. Cette formation pr\u00e9pare \u00e0 une int\u00e9gration rapide dans les structures hospitali\u00e8res, les [&hellip;]<\/p>\n","protected":false},"author":1,"featured_media":0,"parent":0,"menu_order":0,"comment_status":"closed","ping_status":"closed","template":"","meta":{"zakra_page_container_layout":"customizer","zakra_page_sidebar_layout":"customizer","zakra_remove_content_margin":false,"zakra_sidebar":"customizer","zakra_transparent_header":"customizer","zakra_logo":0,"zakra_main_header_style":"default","zakra_menu_item_color":"","zakra_menu_item_hover_color":"","zakra_menu_item_active_color":"","zakra_menu_active_style":"","zakra_page_header":true,"footnotes":""},"class_list":["post-14","page","type-page","status-publish","hentry"],"_links":{"self":[{"href":"https:\/\/isfp-sante.sn\/index.php\/wp-json\/wp\/v2\/pages\/14","targetHints":{"allow":["GET"]}}],"collection":[{"href":"https:\/\/isfp-sante.sn\/index.php\/wp-json\/wp\/v2\/pages"}],"about":[{"href":"https:\/\/isfp-sante.sn\/index.php\/wp-json\/wp\/v2\/types\/page"}],"author":[{"embeddable":true,"href":"https:\/\/isfp-sante.sn\/index.php\/wp-json\/wp\/v2\/users\/1"}],"replies":[{"embeddable":true,"href":"https:\/\/isfp-sante.sn\/index.php\/wp-json\/wp\/v2\/comments?post=14"}],"version-history":[{"count":5,"href":"https:\/\/isfp-sante.sn\/index.php\/wp-json\/wp\/v2\/pages\/14\/revisions"}],"predecessor-version":[{"id":177,"href":"https:\/\/isfp-sante.sn\/index.php\/wp-json\/wp\/v2\/pages\/14\/revisions\/177"}],"wp:attachment":[{"href":"https:\/\/isfp-sante.sn\/index.php\/wp-json\/wp\/v2\/media?parent=14"}],"curies":[{"name":"wp","href":"https:\/\/api.w.org\/{rel}","templated":true}]}}