{"id":47,"date":"2025-11-25T12:44:34","date_gmt":"2025-11-25T12:44:34","guid":{"rendered":"http:\/\/isfpsay.cluster121.hosting.ovh.net\/?page_id=47"},"modified":"2025-12-18T13:28:25","modified_gmt":"2025-12-18T13:28:25","slug":"accueil","status":"publish","type":"page","link":"https:\/\/isfp-sante.sn\/","title":{"rendered":"Accueil"},"content":{"rendered":"\t\t<div data-elementor-type=\"wp-page\" data-elementor-id=\"47\" class=\"elementor elementor-47\" data-elementor-post-type=\"page\">\n\t\t\t\t<div class=\"elementor-element elementor-element-a109dba e-flex e-con-boxed e-con e-parent\" data-id=\"a109dba\" data-element_type=\"container\">\n\t\t\t\t\t<div class=\"e-con-inner\">\n\t\t\t\t<div class=\"elementor-element elementor-element-e29a026 elementor-widget elementor-widget-image\" data-id=\"e29a026\" data-element_type=\"widget\" data-widget_type=\"image.default\">\n\t\t\t\t\t\t\t\t\t\t\t\t\t\t\t<img decoding=\"async\" width=\"300\" height=\"87\" src=\"https:\/\/isfp-sante.sn\/wp-content\/uploads\/2025\/11\/WhatsApp-Image-2025-11-24-at-16.26.15-2-300x87.jpeg\" class=\"attachment-medium size-medium wp-image-56\" alt=\"\" srcset=\"https:\/\/isfp-sante.sn\/wp-content\/uploads\/2025\/11\/WhatsApp-Image-2025-11-24-at-16.26.15-2-300x87.jpeg 300w, https:\/\/isfp-sante.sn\/wp-content\/uploads\/2025\/11\/WhatsApp-Image-2025-11-24-at-16.26.15-2-768x223.jpeg 768w\" sizes=\"(max-width: 300px) 100vw, 300px\" \/>\t\t\t\t\t\t\t\t\t\t\t\t\t\t\t<\/div>\n\t\t\t\t\t<\/div>\n\t\t\t\t<\/div>\n\t\t<div class=\"elementor-element elementor-element-b280acf e-flex e-con-boxed e-con e-parent\" data-id=\"b280acf\" data-element_type=\"container\">\n\t\t\t\t\t<div class=\"e-con-inner\">\n\t\t\t\t<div class=\"elementor-element elementor-element-7fdb769 elementor-widget elementor-widget-image\" data-id=\"7fdb769\" data-element_type=\"widget\" data-widget_type=\"image.default\">\n\t\t\t\t\t\t\t\t\t\t\t\t\t\t\t<img fetchpriority=\"high\" decoding=\"async\" width=\"1024\" height=\"909\" src=\"https:\/\/isfp-sante.sn\/wp-content\/uploads\/2025\/12\/WhatsApp-Image-2025-12-05-at-07.05.06-1-1024x909.jpeg\" class=\"attachment-large size-large wp-image-193\" alt=\"\" srcset=\"https:\/\/isfp-sante.sn\/wp-content\/uploads\/2025\/12\/WhatsApp-Image-2025-12-05-at-07.05.06-1-1024x909.jpeg 1024w, https:\/\/isfp-sante.sn\/wp-content\/uploads\/2025\/12\/WhatsApp-Image-2025-12-05-at-07.05.06-1-300x266.jpeg 300w, https:\/\/isfp-sante.sn\/wp-content\/uploads\/2025\/12\/WhatsApp-Image-2025-12-05-at-07.05.06-1-768x682.jpeg 768w, https:\/\/isfp-sante.sn\/wp-content\/uploads\/2025\/12\/WhatsApp-Image-2025-12-05-at-07.05.06-1.jpeg 1280w\" sizes=\"(max-width: 1024px) 100vw, 1024px\" \/>\t\t\t\t\t\t\t\t\t\t\t\t\t\t\t<\/div>\n\t\t\t\t\t<\/div>\n\t\t\t\t<\/div>\n\t\t<div class=\"elementor-element elementor-element-7589d25 e-flex e-con-boxed e-con e-parent\" data-id=\"7589d25\" data-element_type=\"container\">\n\t\t\t\t\t<div class=\"e-con-inner\">\n\t\t\t\t<div class=\"elementor-element elementor-element-c08fb41 e-n-tabs-mobile elementor-widget elementor-widget-n-tabs\" data-id=\"c08fb41\" data-element_type=\"widget\" data-settings=\"{&quot;horizontal_scroll&quot;:&quot;disable&quot;}\" data-widget_type=\"nested-tabs.default\">\n\t\t\t\t\t\t\t<div class=\"e-n-tabs\" data-widget-number=\"201915201\" aria-label=\"Onglets. Ouvrez des \u00e9l\u00e9ments avec Entrer ou Espace, fermez-les avec Echape et naviguez \u00e0 l&#039;aide des touches fl\u00e9ch\u00e9es.\">\n\t\t\t<div class=\"e-n-tabs-heading\" role=\"tablist\">\n\t\t\t\t\t<button id=\"e-n-tab-title-2019152011\" data-tab-title-id=\"e-n-tab-title-2019152011\" class=\"e-n-tab-title\" aria-selected=\"true\" data-tab-index=\"1\" role=\"tab\" tabindex=\"0\" aria-controls=\"e-n-tab-content-2019152011\" style=\"--n-tabs-title-order: 1;\">\n\t\t\t\t\t\t<span class=\"e-n-tab-title-text\">\n\t\t\t\tMISSION\t\t\t<\/span>\n\t\t<\/button>\n\t\t\t\t<button id=\"e-n-tab-title-2019152012\" data-tab-title-id=\"e-n-tab-title-2019152012\" class=\"e-n-tab-title\" aria-selected=\"false\" data-tab-index=\"2\" role=\"tab\" tabindex=\"-1\" aria-controls=\"e-n-tab-content-2019152012\" style=\"--n-tabs-title-order: 2;\">\n\t\t\t\t\t\t<span class=\"e-n-tab-title-text\">\n\t\t\t\tVISSION\t\t\t<\/span>\n\t\t<\/button>\n\t\t\t\t<button id=\"e-n-tab-title-2019152013\" data-tab-title-id=\"e-n-tab-title-2019152013\" class=\"e-n-tab-title\" aria-selected=\"false\" data-tab-index=\"3\" role=\"tab\" tabindex=\"-1\" aria-controls=\"e-n-tab-content-2019152013\" style=\"--n-tabs-title-order: 3;\">\n\t\t\t\t\t\t<span class=\"e-n-tab-title-text\">\n\t\t\t\tVALEUR\t\t\t<\/span>\n\t\t<\/button>\n\t\t\t\t\t<\/div>\n\t\t\t<div class=\"e-n-tabs-content\">\n\t\t\t\t<div id=\"e-n-tab-content-2019152011\" role=\"tabpanel\" aria-labelledby=\"e-n-tab-title-2019152011\" data-tab-index=\"1\" style=\"--n-tabs-title-order: 1;\" class=\"e-active elementor-element elementor-element-c75918e e-con-full e-flex e-con e-child\" data-id=\"c75918e\" data-element_type=\"container\">\n\t\t<div class=\"elementor-element elementor-element-6bbc158 e-flex e-con-boxed e-con e-child\" data-id=\"6bbc158\" data-element_type=\"container\">\n\t\t\t\t\t<div class=\"e-con-inner\">\n\t\t\t\t<div class=\"elementor-element elementor-element-b423887 elementor-invisible elementor-widget elementor-widget-text-editor\" data-id=\"b423887\" data-element_type=\"widget\" data-settings=\"{&quot;_animation&quot;:&quot;slideInUp&quot;}\" data-widget_type=\"text-editor.default\">\n\t\t\t\t\t\t\t\t\t<p>Former des dipl\u00f4m\u00e9s comp\u00e9tents et confiants qui seront capables d&rsquo;incarner le leadership dans l\u2019administration des soins infirmiers et obst\u00e9tricaux, compatissants, s\u00e9curisants et de qualit\u00e9.<\/p>\n<p>(Tout cela en rapport avec les besoins en mati\u00e8re de soins infirmiers et obst\u00e9tricaux, de sant\u00e9 des individus, des familles, des groupes et des communaut\u00e9s dans diff\u00e9rents environnements de soins).<\/p>\n<p>Participer \u00e0 l\u2019am\u00e9lioration de la qualit\u00e9 des soins dans les structures sanitaires.<\/p>\n<p>Participer aux projets de recherche dans le but d\u2019am\u00e9liorer les connaissances.&nbsp;<span style=\"font-style: inherit;font-weight: inherit;letter-spacing: 0.01em\">Du fait de cette ambition contribuer \u00e0 l\u2019am\u00e9lioration de l\u2019employabilit\u00e9 des jeunes partant la r\u00e9duction de leur tentation \u00e0 vouloir se lancer sur le chemin de l\u2019\u00e9migration.<\/span><\/p>\t\t\t\t\t\t\t\t<\/div>\n\t\t\t\t\t<\/div>\n\t\t\t\t<\/div>\n\t\t\t\t<\/div>\n\t\t<div id=\"e-n-tab-content-2019152012\" role=\"tabpanel\" aria-labelledby=\"e-n-tab-title-2019152012\" data-tab-index=\"2\" style=\"--n-tabs-title-order: 2;\" class=\" elementor-element elementor-element-dfda07b e-con-full e-flex e-con e-child\" data-id=\"dfda07b\" data-element_type=\"container\">\n\t\t<div class=\"elementor-element elementor-element-926a5b2 e-flex e-con-boxed e-con e-child\" data-id=\"926a5b2\" data-element_type=\"container\">\n\t\t\t\t\t<div class=\"e-con-inner\">\n\t\t\t\t<div class=\"elementor-element elementor-element-25d0363 elementor-invisible elementor-widget elementor-widget-text-editor\" data-id=\"25d0363\" data-element_type=\"widget\" data-settings=\"{&quot;_animation&quot;:&quot;slideInRight&quot;}\" data-widget_type=\"text-editor.default\">\n\t\t\t\t\t\t\t\t\t<p>\u00catre une \u00e9cole de r\u00e9f\u00e9rence au S\u00e9n\u00e9gal et dans les sous \u2013 R\u00e9gion Africaine, accessible \u00e0 tous les citoyens, et garantissant une formation de qualit\u00e9 pour une prise en charge holistique des probl\u00e8mes de sant\u00e9.<\/p><p>Faciliter aux enseignants et au personnel des conditions favorables \u00e0 l\u2019innovation et \u00e0 la recherche.<\/p><p>D\u2019ici quelques ann\u00e9es \u00eatre apte \u00e0 d\u00e9livrer des Licences des Masters jusqu\u2019au Doctorat<\/p>\t\t\t\t\t\t\t\t<\/div>\n\t\t\t\t\t<\/div>\n\t\t\t\t<\/div>\n\t\t\t\t<\/div>\n\t\t<div id=\"e-n-tab-content-2019152013\" role=\"tabpanel\" aria-labelledby=\"e-n-tab-title-2019152013\" data-tab-index=\"3\" style=\"--n-tabs-title-order: 3;\" class=\" elementor-element elementor-element-e80897e e-con-full e-flex e-con e-child\" data-id=\"e80897e\" data-element_type=\"container\">\n\t\t<div class=\"elementor-element elementor-element-0adf837 e-flex e-con-boxed e-con e-child\" data-id=\"0adf837\" data-element_type=\"container\">\n\t\t\t\t\t<div class=\"e-con-inner\">\n\t\t\t\t<div class=\"elementor-element elementor-element-7ce380e elementor-invisible elementor-widget elementor-widget-text-editor\" data-id=\"7ce380e\" data-element_type=\"widget\" data-settings=\"{&quot;_animation&quot;:&quot;zoomInLeft&quot;}\" data-widget_type=\"text-editor.default\">\n\t\t\t\t\t\t\t\t\t<p>Travailler dans le respect de l\u2019\u00e9thique et la d\u00e9ontologie, mais aussi dans la rigueur, la discipline, la pers\u00e9v\u00e9rance tout en soutenant la politique de territorialisation de l\u2019\u00e9tat.<\/p>\t\t\t\t\t\t\t\t<\/div>\n\t\t\t\t\t<\/div>\n\t\t\t\t<\/div>\n\t\t\t\t<\/div>\n\t\t\t\t\t<\/div>\n\t\t<\/div>\n\t\t\t\t\t\t<\/div>\n\t\t\t\t\t<\/div>\n\t\t\t\t<\/div>\n\t\t<div class=\"elementor-element elementor-element-91e90fa e-flex e-con-boxed e-con e-parent\" data-id=\"91e90fa\" data-element_type=\"container\">\n\t\t\t\t\t<div class=\"e-con-inner\">\n\t\t\t\t<div class=\"elementor-element elementor-element-8467d90 animated-slow elementor-invisible elementor-widget elementor-widget-counter\" data-id=\"8467d90\" data-element_type=\"widget\" data-settings=\"{&quot;_animation&quot;:&quot;fadeInDown&quot;}\" data-widget_type=\"counter.default\">\n\t\t\t\t\t\t\t<div class=\"elementor-counter\">\n\t\t\t<h1 class=\"elementor-counter-title\">Effectifs<\/h1>\t\t\t<div class=\"elementor-counter-number-wrapper\">\n\t\t\t\t<span class=\"elementor-counter-number-prefix\"><\/span>\n\t\t\t\t<span class=\"elementor-counter-number\" data-duration=\"2000\" data-to-value=\"300\" data-from-value=\"0\" data-delimiter=\",\">0<\/span>\n\t\t\t\t<span class=\"elementor-counter-number-suffix\"><\/span>\n\t\t\t<\/div>\n\t\t<\/div>\n\t\t\t\t\t\t<\/div>\n\t\t\t\t<div class=\"elementor-element elementor-element-e91d72c e-transform elementor-invisible elementor-widget elementor-widget-heading\" data-id=\"e91d72c\" data-element_type=\"widget\" data-settings=\"{&quot;motion_fx_motion_fx_scrolling&quot;:&quot;yes&quot;,&quot;_animation&quot;:&quot;slideInRight&quot;,&quot;motion_fx_devices&quot;:[&quot;desktop&quot;,&quot;tablet&quot;,&quot;mobile&quot;],&quot;_transform_skewX_effect&quot;:{&quot;unit&quot;:&quot;px&quot;,&quot;size&quot;:&quot;&quot;,&quot;sizes&quot;:[]},&quot;_transform_skewX_effect_tablet&quot;:{&quot;unit&quot;:&quot;deg&quot;,&quot;size&quot;:&quot;&quot;,&quot;sizes&quot;:[]},&quot;_transform_skewX_effect_mobile&quot;:{&quot;unit&quot;:&quot;deg&quot;,&quot;size&quot;:&quot;&quot;,&quot;sizes&quot;:[]},&quot;_transform_skewY_effect&quot;:{&quot;unit&quot;:&quot;px&quot;,&quot;size&quot;:&quot;&quot;,&quot;sizes&quot;:[]},&quot;_transform_skewY_effect_tablet&quot;:{&quot;unit&quot;:&quot;deg&quot;,&quot;size&quot;:&quot;&quot;,&quot;sizes&quot;:[]},&quot;_transform_skewY_effect_mobile&quot;:{&quot;unit&quot;:&quot;deg&quot;,&quot;size&quot;:&quot;&quot;,&quot;sizes&quot;:[]}}\" data-widget_type=\"heading.default\">\n\t\t\t\t\t<h1 class=\"elementor-heading-title elementor-size-default\">Nos Fili\u00e8res<\/h1>\t\t\t\t<\/div>\n\t\t\t\t<div class=\"elementor-element elementor-element-c348927 elementor-align-left animated-slow elementor-icon-list--layout-traditional elementor-list-item-link-full_width elementor-invisible elementor-widget elementor-widget-icon-list\" data-id=\"c348927\" data-element_type=\"widget\" data-settings=\"{&quot;_animation&quot;:&quot;fadeInRight&quot;}\" data-widget_type=\"icon-list.default\">\n\t\t\t\t\t\t\t<ul class=\"elementor-icon-list-items\">\n\t\t\t\t\t\t\t<li class=\"elementor-icon-list-item\">\n\t\t\t\t\t\t\t\t\t\t\t<span class=\"elementor-icon-list-icon\">\n\t\t\t\t\t\t\t<svg aria-hidden=\"true\" class=\"e-font-icon-svg e-fas-user-nurse\" viewBox=\"0 0 448 512\" xmlns=\"http:\/\/www.w3.org\/2000\/svg\"><path d=\"M319.41,320,224,415.39,128.59,320C57.1,323.1,0,381.6,0,453.79A58.21,58.21,0,0,0,58.21,512H389.79A58.21,58.21,0,0,0,448,453.79C448,381.6,390.9,323.1,319.41,320ZM224,304A128,128,0,0,0,352,176V65.82a32,32,0,0,0-20.76-30L246.47,4.07a64,64,0,0,0-44.94,0L116.76,35.86A32,32,0,0,0,96,65.82V176A128,128,0,0,0,224,304ZM184,71.67a5,5,0,0,1,5-5h21.67V45a5,5,0,0,1,5-5h16.66a5,5,0,0,1,5,5V66.67H259a5,5,0,0,1,5,5V88.33a5,5,0,0,1-5,5H237.33V115a5,5,0,0,1-5,5H215.67a5,5,0,0,1-5-5V93.33H189a5,5,0,0,1-5-5ZM144,160H304v16a80,80,0,0,1-160,0Z\"><\/path><\/svg>\t\t\t\t\t\t<\/span>\n\t\t\t\t\t\t\t\t\t\t<span class=\"elementor-icon-list-text\">INFIRMIERS D\u2019ETAT<\/span>\n\t\t\t\t\t\t\t\t\t<\/li>\n\t\t\t\t\t\t\t\t<li class=\"elementor-icon-list-item\">\n\t\t\t\t\t\t\t\t\t\t\t<span class=\"elementor-icon-list-icon\">\n\t\t\t\t\t\t\t<svg aria-hidden=\"true\" class=\"e-font-icon-svg e-fas-user-nurse\" viewBox=\"0 0 448 512\" xmlns=\"http:\/\/www.w3.org\/2000\/svg\"><path d=\"M319.41,320,224,415.39,128.59,320C57.1,323.1,0,381.6,0,453.79A58.21,58.21,0,0,0,58.21,512H389.79A58.21,58.21,0,0,0,448,453.79C448,381.6,390.9,323.1,319.41,320ZM224,304A128,128,0,0,0,352,176V65.82a32,32,0,0,0-20.76-30L246.47,4.07a64,64,0,0,0-44.94,0L116.76,35.86A32,32,0,0,0,96,65.82V176A128,128,0,0,0,224,304ZM184,71.67a5,5,0,0,1,5-5h21.67V45a5,5,0,0,1,5-5h16.66a5,5,0,0,1,5,5V66.67H259a5,5,0,0,1,5,5V88.33a5,5,0,0,1-5,5H237.33V115a5,5,0,0,1-5,5H215.67a5,5,0,0,1-5-5V93.33H189a5,5,0,0,1-5-5ZM144,160H304v16a80,80,0,0,1-160,0Z\"><\/path><\/svg>\t\t\t\t\t\t<\/span>\n\t\t\t\t\t\t\t\t\t\t<span class=\"elementor-icon-list-text\">SAGES \u2013 FEMMES D\u2019ETAT<\/span>\n\t\t\t\t\t\t\t\t\t<\/li>\n\t\t\t\t\t\t\t\t<li class=\"elementor-icon-list-item\">\n\t\t\t\t\t\t\t\t\t\t\t<span class=\"elementor-icon-list-icon\">\n\t\t\t\t\t\t\t<svg class=\"ekit-svg-icon icon-hospital-1\" viewBox=\"0 0 32 32\" xmlns=\"http:\/\/www.w3.org\/2000\/svg\"><path d=\"M30.384 9.074h-7.527v-5.126c0-0.914-0.702-1.662-1.616-1.662h-10.251c-0.914 0-1.708 0.748-1.708 1.662v5.126h-7.573c-0.918 0-1.708 0.744-1.708 1.662v17.316c0 0.918 0.79 1.662 1.708 1.662h28.675c0.918 0 1.616-0.744 1.616-1.662v-17.316c0-0.918-0.698-1.662-1.616-1.662zM11.498 4.502h9.143v4.571h-9.143v-4.571zM21.749 21.68h-3.463v3.463h-4.571v-3.463h-3.463v-4.571h3.463v-3.463h4.571v3.463h3.463v4.571z\"><\/path><\/svg>\t\t\t\t\t\t<\/span>\n\t\t\t\t\t\t\t\t\t\t<span class=\"elementor-icon-list-text\">DELEGATION MEDICALE<\/span>\n\t\t\t\t\t\t\t\t\t<\/li>\n\t\t\t\t\t\t\t\t<li class=\"elementor-icon-list-item\">\n\t\t\t\t\t\t\t\t\t\t\t<span class=\"elementor-icon-list-icon\">\n\t\t\t\t\t\t\t<svg class=\"ekit-svg-icon icon-stethoscope\" viewBox=\"0 0 32 32\" xmlns=\"http:\/\/www.w3.org\/2000\/svg\"><path d=\"M31.961 17.838c-0.236-1.638-1.523-2.925-3.162-3.162v-0.97c0-2.675-2.034-4.853-4.533-4.853-2.428 0-4.46 2.112-4.533 4.708h0.031l-0.031 0.005v10.51c0 3.36-2.512 6.088-5.6 6.088s-5.6-2.732-5.6-6.088v-0.91c0.773 0 1.6-0.561 1.6-2.133v-1.341c3.423-0.875 5.867-3.814 5.867-7.147v-1.112h-1.067l-0.022-6.941c-0.008-1.285-0.93-2.382-2.194-2.611-0.273-0.836-1.171-1.292-2.007-1.019s-1.292 1.171-1.019 2.007c0.273 0.836 1.171 1.292 2.007 1.019 0.447-0.146 0.807-0.483 0.983-0.919 0.683 0.194 1.157 0.816 1.162 1.526l0.024 6.938h-1.067v1.127c-0.043 1.855-1.286 3.467-3.070 3.979-0.954 0.303-1.979 0.303-2.933 0-1.782-0.514-3.022-2.126-3.063-3.979v-1.127h-1.6v-6.933c0.003-0.721 0.488-1.351 1.184-1.538 0.325 0.826 1.258 1.233 2.084 0.908s1.233-1.258 0.908-2.084-1.258-1.233-2.084-0.908c-0.448 0.176-0.793 0.543-0.941 1.001-1.278 0.218-2.214 1.325-2.218 2.621v6.933h-1.067v1.109c0 3.336 2.445 6.276 5.867 7.149v1.341c0 1.573 0.827 2.133 1.6 2.133v0.91c0 3.947 2.99 7.155 6.667 7.155s6.667-3.212 6.667-7.155v-10.485c0.053-2.024 1.61-3.671 3.467-3.671 1.911 0 3.467 1.698 3.467 3.787v0.968c-2.041 0.295-3.456 2.188-3.162 4.228s2.188 3.456 4.228 3.162 3.456-2.188 3.162-4.228zM11.2 2.901c-0.295 0-0.533-0.239-0.533-0.533s0.239-0.533 0.533-0.533 0.533 0.239 0.533 0.533-0.239 0.533-0.533 0.533zM4.8 1.834c0.295 0 0.533 0.239 0.533 0.533s-0.239 0.533-0.533 0.533-0.533-0.239-0.533-0.533 0.239-0.533 0.533-0.533zM1.067 12.543v-0.043h1.6v0.061c0.040 2.318 1.582 4.341 3.807 4.994 1.166 0.369 2.417 0.369 3.583 0 2.226-0.652 3.769-2.675 3.81-4.994v-0.061h1.067v0.043c0 2.967-2.287 5.578-5.44 6.209-0.74 0.148-1.499 0.185-2.25 0.11-0.247-0.024-0.493-0.061-0.737-0.111-3.153-0.63-5.44-3.241-5.44-6.208zM7.467 22.101c-0.48 0-0.533-0.747-0.533-1.067v-1.132c0.043 0.005 0.086 0.007 0.13 0.012 0.053 0.006 0.107 0.010 0.16 0.015 0.252 0.022 0.507 0.037 0.763 0.038h0.027c0.256 0 0.51-0.015 0.761-0.038 0.053-0.005 0.11-0.009 0.165-0.015 0.042-0.005 0.086-0.006 0.128-0.012v1.132c0 0.32-0.053 1.067-0.533 1.067h-1.066zM28.266 21.034c-1.473 0-2.667-1.194-2.667-2.667s1.194-2.667 2.667-2.667c1.473 0 2.667 1.194 2.667 2.667-0.002 1.472-1.195 2.665-2.667 2.667z\"><\/path><path d=\"M28.266 16.767c-0.884 0-1.6 0.716-1.6 1.6s0.716 1.6 1.6 1.6 1.6-0.716 1.6-1.6-0.716-1.6-1.6-1.6zM28.266 18.901c-0.295 0-0.533-0.239-0.533-0.533s0.239-0.533 0.533-0.533 0.533 0.239 0.533 0.533-0.239 0.533-0.533 0.533z\"><\/path><\/svg>\t\t\t\t\t\t<\/span>\n\t\t\t\t\t\t\t\t\t\t<span class=\"elementor-icon-list-text\">ASSISTANT INFIRMIER<\/span>\n\t\t\t\t\t\t\t\t\t<\/li>\n\t\t\t\t\t\t\t\t<li class=\"elementor-icon-list-item\">\n\t\t\t\t\t\t\t\t\t\t\t<span class=\"elementor-icon-list-icon\">\n\t\t\t\t\t\t\t<svg class=\"ekit-svg-icon icon-medicine\" viewBox=\"0 0 32 32\" xmlns=\"http:\/\/www.w3.org\/2000\/svg\"><path d=\"M7.856 7.875c-0.345 0-0.625 0.28-0.625 0.625s0.28 0.625 0.625 0.625c0.345 0 0.625-0.28 0.625-0.625s-0.28-0.625-0.625-0.625z\"><\/path><path d=\"M13.481 19.561h-1.875v-1.875c0-0.345-0.28-0.625-0.625-0.625s-0.625 0.28-0.625 0.625v1.875h-1.875c-0.345 0-0.625 0.28-0.625 0.625s0.28 0.625 0.625 0.625h1.875v1.875c0 0.345 0.28 0.625 0.625 0.625s0.625-0.28 0.625-0.625v-1.875h1.875c0.345 0 0.625-0.28 0.625-0.625s-0.28-0.625-0.625-0.625z\"><\/path><path d=\"M30.349 20.124c-1.382-2.393-4.436-3.212-6.83-1.83l-2.539 1.466v-5.427c0-0.671-0.222-1.337-0.625-1.875l-3.125-4.166v-1.774c0.727-0.258 1.25-0.953 1.25-1.767v-2.875c-0-1.034-0.841-1.875-1.875-1.875h-11.249c-1.034 0-1.875 0.841-1.875 1.875v2.875c0 0.815 0.523 1.509 1.25 1.767v1.774l-3.125 4.167c-0.403 0.538-0.625 1.204-0.625 1.875v12.104c0 1.723 1.402 3.125 3.125 3.125h10.044c1.401 2.349 4.423 3.135 6.792 1.767l7.577-4.375c2.372-1.37 3.218-4.424 1.83-6.83zM4.731 1.875c0-0.345 0.28-0.625 0.625-0.625h11.249c0.345 0 0.625 0.28 0.625 0.625v2.875c0 0.345-0.28 0.625-0.625 0.625h-11.249c-0.345 0-0.625-0.28-0.625-0.625v-2.875zM2.606 13.207l3.25-4.333c0.081-0.108 0.125-0.24 0.125-0.375v-1.875h9.999v1.25h-5.625c-0.345 0-0.625 0.28-0.625 0.625s0.28 0.625 0.625 0.625h5.937l3.062 4.083c0.2 0.267 0.324 0.587 0.362 0.917h-17.473c0.038-0.33 0.162-0.65 0.362-0.917zM4.106 28.311c-1.034 0-1.875-0.841-1.875-1.875v-0.631h11.355c-0.198 0.81-0.197 1.676 0.030 2.506h-9.51zM14.076 24.561h-11.845v-9.187h17.499v5.107l-3.789 2.188c-0.79 0.456-1.428 1.106-1.865 1.892zM20.317 30.246c-1.794 1.036-4.085 0.423-5.122-1.372-1.041-1.812-0.41-4.094 1.372-5.123l3.392-1.959 3.75 6.495-3.392 1.959zM27.894 25.871l-3.102 1.791-3.75-6.495 3.102-1.791c1.795-1.036 4.086-0.423 5.122 1.372 1.041 1.804 0.408 4.094-1.372 5.122z\"><\/path><\/svg>\t\t\t\t\t\t<\/span>\n\t\t\t\t\t\t\t\t\t\t<span class=\"elementor-icon-list-text\">AGENT DE COMPTOIR PHARMACEUTIQUE<\/span>\n\t\t\t\t\t\t\t\t\t<\/li>\n\t\t\t\t\t\t<\/ul>\n\t\t\t\t\t\t<\/div>\n\t\t\t\t\t<\/div>\n\t\t\t\t<\/div>\n\t\t\t\t<\/div>\n\t\t","protected":false},"excerpt":{"rendered":"<p>MISSION VISSION VALEUR Former des dipl\u00f4m\u00e9s comp\u00e9tents et confiants qui seront capables d&rsquo;incarner le leadership dans l\u2019administration des soins infirmiers et obst\u00e9tricaux, compatissants, s\u00e9curisants et de qualit\u00e9. (Tout cela en rapport avec les besoins en mati\u00e8re de soins infirmiers et obst\u00e9tricaux, de sant\u00e9 des individus, des familles, des groupes et des communaut\u00e9s dans diff\u00e9rents environnements [&hellip;]<\/p>\n","protected":false},"author":1,"featured_media":0,"parent":0,"menu_order":0,"comment_status":"closed","ping_status":"closed","template":"","meta":{"zakra_page_container_layout":"customizer","zakra_page_sidebar_layout":"customizer","zakra_remove_content_margin":false,"zakra_sidebar":"customizer","zakra_transparent_header":"customizer","zakra_logo":0,"zakra_main_header_style":"default","zakra_menu_item_color":"","zakra_menu_item_hover_color":"","zakra_menu_item_active_color":"","zakra_menu_active_style":"","zakra_page_header":true,"footnotes":""},"class_list":["post-47","page","type-page","status-publish","hentry"],"_links":{"self":[{"href":"https:\/\/isfp-sante.sn\/index.php\/wp-json\/wp\/v2\/pages\/47","targetHints":{"allow":["GET"]}}],"collection":[{"href":"https:\/\/isfp-sante.sn\/index.php\/wp-json\/wp\/v2\/pages"}],"about":[{"href":"https:\/\/isfp-sante.sn\/index.php\/wp-json\/wp\/v2\/types\/page"}],"author":[{"embeddable":true,"href":"https:\/\/isfp-sante.sn\/index.php\/wp-json\/wp\/v2\/users\/1"}],"replies":[{"embeddable":true,"href":"https:\/\/isfp-sante.sn\/index.php\/wp-json\/wp\/v2\/comments?post=47"}],"version-history":[{"count":34,"href":"https:\/\/isfp-sante.sn\/index.php\/wp-json\/wp\/v2\/pages\/47\/revisions"}],"predecessor-version":[{"id":226,"href":"https:\/\/isfp-sante.sn\/index.php\/wp-json\/wp\/v2\/pages\/47\/revisions\/226"}],"wp:attachment":[{"href":"https:\/\/isfp-sante.sn\/index.php\/wp-json\/wp\/v2\/media?parent=47"}],"curies":[{"name":"wp","href":"https:\/\/api.w.org\/{rel}","templated":true}]}}